{"id":111,"date":"2015-03-23T19:12:42","date_gmt":"2015-03-23T19:12:42","guid":{"rendered":"http:\/\/exhibits.ptsem.edu\/choonleongseow\/?page_id=111"},"modified":"2023-09-12T19:40:43","modified_gmt":"2023-09-12T19:40:43","slug":"c-l-seow-publications","status":"publish","type":"page","link":"https:\/\/exhibits.ptsem.edu\/choonleongseow\/c-l-seow-publications\/","title":{"rendered":"C. L. Seow Publications"},"content":{"rendered":"<h4>Book Length Works<\/h4>\n<p><a href=\"http:\/\/exhibits.ptsem.edu\/choonleongseow\/wp-content\/uploads\/sites\/7\/2015\/03\/job1-21-medium_400x600.jpg\"><img loading=\"lazy\" decoding=\"async\" class=\"alignnone size-full wp-image-119\" src=\"http:\/\/exhibits.ptsem.edu\/choonleongseow\/wp-content\/uploads\/sites\/7\/2015\/03\/job1-21-medium_400x600.jpg\" alt=\"job1-21-medium_400x600\" width=\"113\" height=\"170\" \/><\/a><a href=\"https:\/\/catalog.ptsem.edu\/record=b1676939~S1\" target=\"_blank\" rel=\"noopener\"><em>Job 1-21.<\/em><\/a> Illuminations. Grand Rapids: Eerdmans, 2013.<\/p>\n<p><em><a href=\"http:\/\/exhibits.ptsem.edu\/choonleongseow\/wp-content\/uploads\/sites\/7\/2015\/03\/HebrewInscriptions-203x300.jpg\"><img loading=\"lazy\" decoding=\"async\" class=\"alignnone size-full wp-image-118\" src=\"http:\/\/exhibits.ptsem.edu\/choonleongseow\/wp-content\/uploads\/sites\/7\/2015\/03\/HebrewInscriptions-203x300.jpg\" alt=\"HebrewInscriptions-203x300\" width=\"113\" height=\"167\" \/><\/a><a href=\"https:\/\/catalog.ptsem.edu\/record=b1667927~S1\" target=\"_blank\" rel=\"noopener\">Hebrew Inscriptions: Texts from the Biblical Period of the Monarchy.<\/a><\/em> With F. W. Dobbs-Allsopp, J. J. M. Roberts, R. E. Whitaker. New Haven: Yale University Press, 2004.<\/p>\n<p><em><a href=\"http:\/\/exhibits.ptsem.edu\/choonleongseow\/wp-content\/uploads\/sites\/7\/2015\/03\/Daniel-199x300.jpg\"><img loading=\"lazy\" decoding=\"async\" class=\"alignnone size-full wp-image-116\" src=\"http:\/\/exhibits.ptsem.edu\/choonleongseow\/wp-content\/uploads\/sites\/7\/2015\/03\/Daniel-199x300.jpg\" alt=\"Daniel-199x300\" width=\"113\" height=\"170\" \/><\/a><a href=\"https:\/\/catalog.ptsem.edu\/record=b1666503~S1\" target=\"_blank\" rel=\"noopener\">Daniel. <\/a><\/em>Westminster Bible Companion. Louisville: Westminster\/John Knox, 2003.<\/p>\n<p><a href=\"http:\/\/exhibits.ptsem.edu\/choonleongseow\/wp-content\/uploads\/sites\/7\/2015\/03\/kings-NIB-215x300.jpg\"><img loading=\"lazy\" decoding=\"async\" class=\"alignnone size-full wp-image-120\" src=\"http:\/\/exhibits.ptsem.edu\/choonleongseow\/wp-content\/uploads\/sites\/7\/2015\/03\/kings-NIB-215x300.jpg\" alt=\"kings-NIB-215x300\" width=\"113\" height=\"158\" \/><\/a><a href=\"https:\/\/catalog.ptsem.edu\/record=b1181382~S1\" target=\"_blank\" rel=\"noopener\">\u201cI &amp; II Kings.\u201d In <em>New Interpreter&#8217;s Bible<\/em>, Volume III.<\/a> Nashville: Abingdon, 1999. 1-296.<\/p>\n<p><em><a href=\"http:\/\/exhibits.ptsem.edu\/choonleongseow\/wp-content\/uploads\/sites\/7\/2015\/03\/9780300139600-199x300.jpg\"><img loading=\"lazy\" decoding=\"async\" class=\"alignnone size-full wp-image-115\" src=\"http:\/\/exhibits.ptsem.edu\/choonleongseow\/wp-content\/uploads\/sites\/7\/2015\/03\/9780300139600-199x300.jpg\" alt=\"9780300139600-199x300\" width=\"113\" height=\"170\" \/><\/a><a href=\"https:\/\/catalog.ptsem.edu\/record=b1646512~S1\" target=\"_blank\" rel=\"noopener\">Ecclesiastes: A New Translation with Introduction and Commentary<\/a>.<\/em> Anchor Bible 18c. New Haven: Yale University Press, 1997.<\/p>\n<p><em><a href=\"http:\/\/exhibits.ptsem.edu\/choonleongseow\/wp-content\/uploads\/sites\/7\/2015\/03\/seowhebrew-205x300.jpg\"><img loading=\"lazy\" decoding=\"async\" class=\"alignnone size-full wp-image-122\" src=\"http:\/\/exhibits.ptsem.edu\/choonleongseow\/wp-content\/uploads\/sites\/7\/2015\/03\/seowhebrew-205x300.jpg\" alt=\"seowhebrew-205x300\" width=\"113\" height=\"165\" \/><\/a><a href=\"https:\/\/catalog.ptsem.edu\/record=b1642443~S1\" target=\"_blank\" rel=\"noopener\">A Grammar for Biblical Hebrew<\/a><\/em>. Second Edition. Nashville: Abingdon, 1995. First edition, 1987.<\/p>\n<p><em><a href=\"http:\/\/exhibits.ptsem.edu\/choonleongseow\/wp-content\/uploads\/sites\/7\/2015\/03\/Myth1.jpg\"><img loading=\"lazy\" decoding=\"async\" class=\"alignnone size-full wp-image-121\" src=\"http:\/\/exhibits.ptsem.edu\/choonleongseow\/wp-content\/uploads\/sites\/7\/2015\/03\/Myth1.jpg\" alt=\"Myth1\" width=\"113\" height=\"180\" \/><\/a><a href=\"https:\/\/catalog.ptsem.edu\/record=b1617349~S1\" target=\"_blank\" rel=\"noopener\">Myth, Drama, and the Politics of David&#8217;s Dance<\/a><\/em>. Harvard Semitic Monograph 46. Atlanta: Scholars Press, 1989.<\/p>\n<h4>Articles and Chapters in Books<\/h4>\n<p>\u201cOde to an Awesome Dragon: Rendering the Joban Leviathan in Chinese.\u201d <em>Festschrift in Honor of Professor Lo Lung Kwong<\/em>. Ed. Ying Fuk Tsang, <em>et al<\/em>. Hong Kong: Chinese Christian Literature Council, 2014. Pp. 271-87.<\/p>\n<p>\u201cRevisiting Behemoth.\u201d In <em>Biblical Essays in Honor of Daniel J. Harrington, SJ, and Richard J. Clifford, SJ<\/em>. Ed. Christopher Frechette, <em>et al<\/em>. New York: Paulist, 2014. Pp. 41-55.<\/p>\n<p>\u201cExegesis; Footstool (HBOT.NT); Fraud; Friends, Friendship.\u201d In <em>Encyclopedia of the Bible and Its Reception<\/em>, Volumes 6-7. Ed. C. L. Seow <em>et al<\/em>. Berlin: de Gruyter, 2014<\/p>\n<p>\u201cAn Exquisitely Poetic Introduction to the Psalter.\u201d <em>Journal of Biblical Literature<\/em> 13 (2013) 275-93.<\/p>\n<p>\u201cDescent into the Netherworld\/Hell (HB\/OT); Despair (ANE, HB\/OT); Devil (Introduction); Directions, Cardinal (ANE, HB\/OT; Dishan; Dishon; Door, Doors (HB\/OT); Dreams and Dream Interpretation (ANE, HB\/OT); Elizur, Emim, Ephod.\u201d In <em>Encyclopedia of the Bible and Its Reception<\/em>, Volumes 6-7. Ed. C. L. Seow et al. Berlin: de Gruyter, 2013.<\/p>\n<p>\u201cHistory of Consequences: The Case of Gregory\u2019s <em>Moralia in Iob.\u201d Hebrew Bible and Ancient Israel<\/em> 1 (2012) 368-87.<\/p>\n<p>\u201cBisitun; Boar; Breach; Breastplate; Brother, Brotherhood (ANE. HB\/OT); Brown, Francis; Caper-berry; Cheran; Cherub (Person); Chesed (Person); Chesil; Chesulloth; Chezib (Person); Chezib (Place); Chidon; Chimcham; Chislon; Col-Hozeh; Cozbi; Coseba; Creeds (Introduction, HB\/OT), Cun; Cush, the Benjaminite; Cyaxares; Cypress.\u201d In <em>Encyclopedia of the Bible and Its Reception<\/em>, Volumes 4-5. Ed. C. L. Seow <em>et al<\/em>. Berlin: de Gruyter, 2012.<\/p>\n<p>\u201cOrthography, Textual Criticism, and the Poetry of Job.\u201d <em>Journal of Biblical Literature<\/em> 130 (2011) 63-85.<\/p>\n<p>\u201cElihu\u2019s Revelation.\u201d <em>Theology Today<\/em> 68 (2011) 253-71.<\/p>\n<p>\u201cPutative Hapaxlegomena in Job.\u201d Pp. 145-82 in <em>Studien zur Hebr\u00e4ischen Bibel und ihrer Nachgeschichte Beitr\u00e4ge der 32. Internationalen \u00d6kumenischen Konferenz der Hebr\u00e4ischlehrenden, Frankfurt a. M. 2009<\/em>. KUSATU 12.13. Ed. J. F. Diehl and M. Witte, Frankfurt: Spenner, 2011. 145-82.<\/p>\n<p>\u201cSpeaking Rightly: The God-Talks of Job and His Friends.\u201d <em>Trinity Theological Journal<\/em> 19 (2011) 70-72).<\/p>\n<p>\u201cAthlete of God\/Christ (HB\/OT and Judaism); Balak (HB\/OT); Beard (ANE, HB\/OT, Greco-Roman Antiquity; Judaism; Christianity, Islam, Visual Arts); Beast (ANE, HB\/OT, Judaism); Beer-Lahai-Roi; Beracah (Person); Bildad.\u201d In <em>Encyclopedia of the Bible and Its Reception<\/em>, Volumes 6-7. Ed. C. L. Seow <em>et al<\/em>. Berlin: de Gruyter, 2011.<\/p>\n<p>\u201cJob.\u201d Pp. 421-22. In <em>Dictionary of Scriptures and Ethics<\/em>. Ed J. B. Green <em>et al<\/em>. Grand Rapids: Baker, 2011.<\/p>\n<p>\u201cPoetic Closures in Job.\u201d <em>Journal for the Study of the Old Testament<\/em> 34 (2010) 433-46.<\/p>\n<p>\u201cHope in Two Keys: Musical Impact and the Poetics of Job 14.\u201d Pp. 495-510 in <em>Congress Volume, Lubljana<\/em> <em>2007<\/em>. VTSup 133. Ed. A. Lemaire. Leiden: Brill, 2010.<\/p>\n<p>\u201cReflections on the History of Consequences: The Case of Job.\u201d Pp. 561-86 in <em>Method Matters<\/em> (Fs. D. L. Petersen). Ed. J. LeMon and K. H. Richards. SBLRBS 56. Atlanta Scholars Press, 2009.<\/p>\n<p>\u201cAdoniram; Ahijah (Ahiah, Ahio); Aldebaran; Angel of Death; Antimony; Armor (ANE, HB\/OT).\u201d In <em>Encyclopedia of the Bible and Its Reception<\/em>. Volumes 1-2. Ed. C. L. Seow <em>et al<\/em>. Berlin: de Gruyter, 2009.<\/p>\n<p>\u201cAbir Ya\u00deaqob; Adonai; Adoniram; Almighty; Ancient of Days; Bethel (Deity); El; El Bethel; El Elyon; El Elohe Israel; El Olam; El Shaddai; Eloah; Elohim; Fear of Isaac; God of the Covenant; God of Gods; Names of God; Gods, Goddesses; Hashem; Holy One; King of Kings; Lord of Heaven; Shield of Abraham; Yahweh.\u201d In <em>New Interpreter\u2019s Dictionary of the Bible<\/em>. Ed. K. D. Sakenfeld et al. 5 volumes. Nashville: Abingdon, 2006-2008.<\/p>\n<p>\u201cThe Social World of Ecclesiastes.\u201d Pp. 189-217 in <em>Scribes, Sages, and Seers: The Sage in the Eastern Mediterranean World<\/em>. Ed. L. G. Perdue. Vandenhoeck &amp; Ruprecht, 2008.<\/p>\n<p>\u201cJob\u2019s Wife, with Due Respect.\u201d Pp. 351-75 in <em>Das Buch Hiob und seine Interpretationen: <\/em><em>Beitr\u00e4ge zur Hiob-Symposium auf dem Monte Verit\u00e0<\/em> <em>vom 14.-19<\/em>. August 2005. Ed. T. Kr\u00fcger ATANT 88. Z\u00fcrich: Theologischer Verlag, 2007.<\/p>\n<p>\u201cJob\u2019s <em>G\u014d\u2019\u0113l<\/em>, Again.\u201d Pp. 689-709 in <em>Gott und Mensch im Dialog: Festschrift f\u00fcr Otto Kaiser zum 80. Geburtstag<\/em>. BZAW 345\/II. Ed. M. Witte. Berlin: de Gruyter, 2004.<\/p>\n<p>\u201cThe Kingdom that Cannot be Impaired.\u201d Pp. 219-46 in <em>Studies on David and Zion: Essays in Honor of J. J. M. Roberts<\/em>. Ed. Bernard Batto and K. L. Roberts. Winona Lake: Eisenbrauns, 2004.<\/p>\n<p>\u201cWest Semitic Sources.\u201d Pp. 201-218 in <em>Prophets and Prophecy in the Ancient Near East<\/em>. Writings from the Ancient World 12. Ed. Peter Machinist. Atlanta: Scholars Press, 2003.<\/p>\n<p>\u201cFrom Mountain to Mountain: The Reign of God in Daniel 2.\u201d Pp. 355-74 in <em>A God So Near: Essays in Honor of Patrick D. Miller<\/em>. Ed. Brent A. Strawn and Nancy Bowen. Winona Lake: Eisenbrauns, 2002.<\/p>\n<p>\u201cTheology When Everything is Out of Control.\u201d <em>Interpretation<\/em> (July 2001) 237-49.<\/p>\n<p>\u201cJob, Ecclesiastes.\u201d Pp. 726-74, 944-58. in <em>The New Oxford Annotated Bible.<\/em> Ed. M. D. Coogan <em>et al<\/em>. Oxford: Oxford University Press, 2001.<\/p>\n<p>\u201cEcclesiastes.\u201d Pp. 466-71 in <em>The Harper-Collins Bible Commentary.<\/em> Ed. J. L. Mays <em>et al<\/em>. New York: Harper, 2000.<\/p>\n<p>\u201cBeyond Mortal Grasp: The Usage of <em>Hebel<\/em> in Ecclesiastes.\u201d A<em>ustralian Biblical Review<\/em> 48 (2000) 1-16.<\/p>\n<p>\u201cRehabilitating \u2018the Preacher\u2019: Qohelet&#8217;s Theology in Context.\u201d Pp. 90-116 in <em>Papers of the 1997 Henry Winters Luce III Fellows in Theology<\/em>. Volume IV. ATS Series in Theological Scholarship and Research. Ed. M. Zienowitcz. Atlanta: The Association of Theological Schools, 2000.<\/p>\n<p>\u201cQohelet&#8217;s Eschatological Poem.\u201d <em>Journal of Biblical Literature<\/em> 118\/2 (1999) 209-34.<\/p>\n<p>\u201c\u2018Beyond These, My Son, Beware!\u2019: The Epilogue of Qohelet Revisited.\u201d Pp. 125-41 in <em>Wisdom, You are My Sister (Festschrift for Roland E. Murphy)<\/em>. Ed. M. L. Barr\u00e9. Catholic Biblical Quarterly Monograph Series 29. Washington, D.C.: Catholic Biblical Association, 1997.<\/p>\n<p>\u201cDangerous Seductress or Elusive Lover? The \u2018Woman\u2019 of Ecclesiastes 7.\u201d Pp. 23-33 in <em>Women, Gender and Christian Community<\/em>. Ed. J. D. Douglass and J. F. Kay. Louisville: Westminster\/John Knox, 1997.<\/p>\n<p>\u201cLinguistic Evidence and the Dating of Qohelet.\u201d <em>Journal of Biblical Literature<\/em> 115\/4 (1996) 643-666.<\/p>\n<p>\u201cThe Socioeconomic Context of \u2018the Preacher&#8217;s\u2019 Hermeneutic.\u201d <em>Princeton Seminary Bulletin<\/em> 17\/2 N.S. (1996) 168-195.<\/p>\n<p>\u201cTextual Orientation.\u201d Pp. 17-34 in <em>Homosexuality and Biblical Ethics: Listening to Scripture<\/em> Ed. R. Brawley. Louisville: Westminster\/John Knox, 1996.<\/p>\n<p>\u201cA Heterotextual Perspective.\u201d Pp. 14-27 in <em>Homosexuality and Christian Community<\/em>. Ed. C. L. Seow. Louisville: Westminster\/John Knox, 1996.<\/p>\n<p>\u201cQohelet&#8217;s Autobiography.\u201d Pp. 262-87 in <em>Fortunate the Eyes That See (Festschrift for David Noel Freedman)<\/em>. Ed. A. B. Beck <em>et al<\/em>. Grand Rapids: Eerdmans, 1995.<\/p>\n<p>\u201cUgaritic and the Old Testament.\u201d Pp. 785-86 in <em>The Oxford Companion to the Bible<\/em>. Ed. B. M. Metzger and M. D. Coogan. New York: Oxford University Press, 1992.<\/p>\n<p>\u201c`Am; Face; Lim; Torah.\u201d In <em>Dictionary of Deities and Demons<\/em>. Ed. K. van der Toorn et al. Leiden: Brill, 1995.<\/p>\n<p>\u201cArk of the Covenant; Deep; Hosea; Lord of Hosts.\u201d In <em>Anchor Bible Dictionary<\/em>. Ed. D. N. Freedman <em>et al<\/em>. New York: Doubleday, 1993.<\/p>\n<p>\u201cLiterature of the Ancient Near East.\u201d Pp. 57-67 in <em>The Oxford Study Bible: Revised English Bible<\/em>. Ed. M. J. Suggs <em>et al<\/em>. New York: Oxford University Press, 1993.<\/p>\n<p>\u201cThe Ineffable Name of Israel&#8217;s God.\u201d <em>Bible Review<\/em> 7 (1991) 49-50.<\/p>\n<p>\u201cA Note on Lamentations 1:20.\u201d <em>Catholic Biblical Quarterly<\/em> 102 (1985) 416-19.<\/p>\n<p>\u201cThe Designation of the Ark in Priestly Theology.\u201d <em>Hebrew Annual Review<\/em> 8 (1985) 185-97.<\/p>\n<p>\u201cThe Syro-Palestinian Context of Solomon&#8217;s Dream.\u201d <em>Harvard Theological Review<\/em> 77 (1984) 141-52.<\/p>\n<p>\u201cHosea 14:10 and the Foolish People Motif.\u201d <em>Catholic Biblical Quarterly<\/em> 44 (1982) 212-24.<\/p>\n","protected":false},"excerpt":{"rendered":"<p>Book Length Works Job 1-21. Illuminations. Grand Rapids: Eerdmans, 2013. Hebrew Inscriptions: Texts from the Biblical Period of the Monarchy. With F. W. Dobbs-Allsopp, J. J. M. Roberts, R. E. Whitaker. New Haven: Yale University Press, 2004. Daniel. Westminster Bible Companion. Louisville: Westminster\/John Knox, 2003. \u201cI &amp; II Kings.\u201d In New Interpreter&#8217;s Bible, Volume III. &hellip; <a href=\"https:\/\/exhibits.ptsem.edu\/choonleongseow\/c-l-seow-publications\/\" class=\"more-link\">Continue reading <span class=\"screen-reader-text\">C. L. Seow Publications<\/span><\/a><\/p>\n","protected":false},"author":1,"featured_media":0,"parent":0,"menu_order":0,"comment_status":"closed","ping_status":"closed","template":"","meta":{"footnotes":""},"class_list":["post-111","page","type-page","status-publish","hentry"],"_links":{"self":[{"href":"https:\/\/exhibits.ptsem.edu\/choonleongseow\/wp-json\/wp\/v2\/pages\/111","targetHints":{"allow":["GET"]}}],"collection":[{"href":"https:\/\/exhibits.ptsem.edu\/choonleongseow\/wp-json\/wp\/v2\/pages"}],"about":[{"href":"https:\/\/exhibits.ptsem.edu\/choonleongseow\/wp-json\/wp\/v2\/types\/page"}],"author":[{"embeddable":true,"href":"https:\/\/exhibits.ptsem.edu\/choonleongseow\/wp-json\/wp\/v2\/users\/1"}],"replies":[{"embeddable":true,"href":"https:\/\/exhibits.ptsem.edu\/choonleongseow\/wp-json\/wp\/v2\/comments?post=111"}],"version-history":[{"count":0,"href":"https:\/\/exhibits.ptsem.edu\/choonleongseow\/wp-json\/wp\/v2\/pages\/111\/revisions"}],"wp:attachment":[{"href":"https:\/\/exhibits.ptsem.edu\/choonleongseow\/wp-json\/wp\/v2\/media?parent=111"}],"curies":[{"name":"wp","href":"https:\/\/api.w.org\/{rel}","templated":true}]}}